{"id":109,"date":"2019-02-15T17:12:28","date_gmt":"2019-02-15T16:12:28","guid":{"rendered":"http:\/\/cerclemagiebretagne.fr\/?page_id=109"},"modified":"2019-04-14T21:10:45","modified_gmt":"2019-04-14T19:10:45","slug":"accueil","status":"publish","type":"page","link":"https:\/\/www.cerclemagiebretagne.fr\/","title":{"rendered":"Le mot du pr\u00e9sident"},"content":{"rendered":"\n<div class=\"wp-block-image\"><figure class=\"alignleft is-resized\"><img loading=\"lazy\" decoding=\"async\" src=\"https:\/\/www.cerclemagiebretagne.fr\/wp-content\/uploads\/2019\/02\/Axel-998x1024.png\" alt=\"\" class=\"wp-image-265\" width=\"204\" height=\"207\"\/><\/figure><\/div>\n\n\n\n<p style=\"text-align:left\"> <\/p>\n\n\n\n<p style=\"text-align: justify;\">Dans quelques instants, nobles\nvisiteurs, magiciens amateurs et professionnels, vous allez pouvoir\npartir \u00e0 la d\u00e9couverte de ce nouveau site web&#8230; Et oui&#8230; vous\navez bien entendu&#8230; un nouveau site web !   Si l&rsquo;ann\u00e9e 2019 est la\nrenaissance d&rsquo;un cercle, c&rsquo;est \u00e9galement dans ses moyens de\ncommunication et ses outils num\u00e9riques.<\/p>\n\n\n\n<p style=\"text-align: justify;\">Mais que trouvons nous derri\u00e8re toutes\nces rubriques, tous ces liens ? Et bien&#8230; des articles sur la vie\nde notre association, l&rsquo;histoire de notre patrimoine magique,  des\nmoments de partage, des  exp\u00e9riences magiques, des outils pour\nd\u00e9velopper notre art. Le programme des \u00e9v\u00e9nements et des vid\u00e9os&#8230;  \n<\/p>\n\n\n\n<p>Passez muscade !<\/p>\n\n\n\n<figure class=\"wp-block-image\"><img loading=\"lazy\" decoding=\"async\" width=\"571\" height=\"573\" src=\"https:\/\/www.cerclemagiebretagne.fr\/wp-content\/uploads\/2019\/04\/logo2.png\" alt=\"\" class=\"wp-image-548\" srcset=\"https:\/\/www.cerclemagiebretagne.fr\/wp-content\/uploads\/2019\/04\/logo2.png 571w, https:\/\/www.cerclemagiebretagne.fr\/wp-content\/uploads\/2019\/04\/logo2-150x150.png 150w, https:\/\/www.cerclemagiebretagne.fr\/wp-content\/uploads\/2019\/04\/logo2-300x300.png 300w\" sizes=\"auto, (max-width: 571px) 100vw, 571px\" \/><\/figure>\n","protected":false},"excerpt":{"rendered":"<p>Dans quelques instants, nobles visiteurs, magiciens amateurs et professionnels, vous allez pouvoir partir \u00e0 la d\u00e9couverte de ce nouveau site web&#8230; Et oui&#8230; vous avez bien entendu&#8230; un nouveau site web ! Si l&rsquo;ann\u00e9e 2019 est la renaissance d&rsquo;un cercle, c&rsquo;est \u00e9galement dans ses moyens de communication et ses outils num\u00e9riques. Mais que trouvons nous [&hellip;]<\/p>\n","protected":false},"author":1,"featured_media":0,"parent":0,"menu_order":0,"comment_status":"closed","ping_status":"closed","template":"","meta":{"footnotes":""},"class_list":["post-109","page","type-page","status-publish","hentry"],"_links":{"self":[{"href":"https:\/\/www.cerclemagiebretagne.fr\/index.php\/wp-json\/wp\/v2\/pages\/109","targetHints":{"allow":["GET"]}}],"collection":[{"href":"https:\/\/www.cerclemagiebretagne.fr\/index.php\/wp-json\/wp\/v2\/pages"}],"about":[{"href":"https:\/\/www.cerclemagiebretagne.fr\/index.php\/wp-json\/wp\/v2\/types\/page"}],"author":[{"embeddable":true,"href":"https:\/\/www.cerclemagiebretagne.fr\/index.php\/wp-json\/wp\/v2\/users\/1"}],"replies":[{"embeddable":true,"href":"https:\/\/www.cerclemagiebretagne.fr\/index.php\/wp-json\/wp\/v2\/comments?post=109"}],"version-history":[{"count":12,"href":"https:\/\/www.cerclemagiebretagne.fr\/index.php\/wp-json\/wp\/v2\/pages\/109\/revisions"}],"predecessor-version":[{"id":549,"href":"https:\/\/www.cerclemagiebretagne.fr\/index.php\/wp-json\/wp\/v2\/pages\/109\/revisions\/549"}],"wp:attachment":[{"href":"https:\/\/www.cerclemagiebretagne.fr\/index.php\/wp-json\/wp\/v2\/media?parent=109"}],"curies":[{"name":"wp","href":"https:\/\/api.w.org\/{rel}","templated":true}]}}