{"id":134,"date":"2019-02-15T17:33:59","date_gmt":"2019-02-15T16:33:59","guid":{"rendered":"http:\/\/cerclemagiebretagne.fr\/?page_id=134"},"modified":"2020-10-11T14:34:57","modified_gmt":"2020-10-11T12:34:57","slug":"contact","status":"publish","type":"page","link":"https:\/\/www.cerclemagiebretagne.fr\/index.php\/contact\/","title":{"rendered":"Contact"},"content":{"rendered":"\n<p><strong>Pr\u00e9sident du Cercle de Magie de Bretagne :<\/strong><br>M. Axel Bonneau<br>17 La Harli\u00e8re<br>35210 Chatillon en Vendelais<br>T\u00e9l : 06 71 75 29 22<br>Email : president@cerclemagiebretagne.fr<\/p>\n","protected":false},"excerpt":{"rendered":"<p>Pr\u00e9sident du Cercle de Magie de Bretagne :M. Axel Bonneau17 La Harli\u00e8re35210 Chatillon en VendelaisT\u00e9l : 06 71 75 29 22Email : president@cerclemagiebretagne.fr<\/p>\n","protected":false},"author":1,"featured_media":0,"parent":0,"menu_order":0,"comment_status":"closed","ping_status":"closed","template":"","meta":{"footnotes":""},"class_list":["post-134","page","type-page","status-publish","hentry"],"_links":{"self":[{"href":"https:\/\/www.cerclemagiebretagne.fr\/index.php\/wp-json\/wp\/v2\/pages\/134","targetHints":{"allow":["GET"]}}],"collection":[{"href":"https:\/\/www.cerclemagiebretagne.fr\/index.php\/wp-json\/wp\/v2\/pages"}],"about":[{"href":"https:\/\/www.cerclemagiebretagne.fr\/index.php\/wp-json\/wp\/v2\/types\/page"}],"author":[{"embeddable":true,"href":"https:\/\/www.cerclemagiebretagne.fr\/index.php\/wp-json\/wp\/v2\/users\/1"}],"replies":[{"embeddable":true,"href":"https:\/\/www.cerclemagiebretagne.fr\/index.php\/wp-json\/wp\/v2\/comments?post=134"}],"version-history":[{"count":4,"href":"https:\/\/www.cerclemagiebretagne.fr\/index.php\/wp-json\/wp\/v2\/pages\/134\/revisions"}],"predecessor-version":[{"id":3813,"href":"https:\/\/www.cerclemagiebretagne.fr\/index.php\/wp-json\/wp\/v2\/pages\/134\/revisions\/3813"}],"wp:attachment":[{"href":"https:\/\/www.cerclemagiebretagne.fr\/index.php\/wp-json\/wp\/v2\/media?parent=134"}],"curies":[{"name":"wp","href":"https:\/\/api.w.org\/{rel}","templated":true}]}}