{"id":3952,"date":"2024-01-28T21:27:11","date_gmt":"2024-01-28T20:27:11","guid":{"rendered":"https:\/\/www.cerclemagiebretagne.fr\/?page_id=3952"},"modified":"2024-01-28T21:30:14","modified_gmt":"2024-01-28T20:30:14","slug":"prochaines-reunions","status":"publish","type":"page","link":"https:\/\/www.cerclemagiebretagne.fr\/index.php\/prochaines-reunions\/","title":{"rendered":"Prochaines r\u00e9unions &#8230;"},"content":{"rendered":"\n<hr class=\"wp-block-separator has-alpha-channel-opacity\"\/>\n\n\n\n<h2 class=\"wp-block-heading has-text-align-center\">Le 9 F\u00e9vrier 2024 20h au patio.<\/h2>\n\n\n\n<h2 class=\"wp-block-heading\"><strong>Programme :<\/strong><\/h2>\n\n\n\n<p><strong>-20h15 Vie de l&rsquo;Association<\/strong><\/p>\n\n\n\n<p><strong>-20:30 La Routine du CMB<\/strong><\/p>\n\n\n\n<ul class=\"wp-block-list\">\n<li>Pr\u00e9sentation de votre travail sur la routine d&rsquo;anneaux Chinois<\/li>\n\n\n\n<li>Apprentissage : Le jeu Radio 1 ( apportez votre jeu radio )<br><\/li>\n<\/ul>\n\n\n\n<p><strong>-21:30 Le Caquetin magique :<\/strong> Quels sont vos diff\u00e9rents moyens de prospection client\u00e8le ? (Apportez votre r\u00e9flexion )<\/p>\n\n\n\n<p><br><strong>-22:00 La Grande Th\u00e9matique : <\/strong>Mise en situation sc\u00e9nique \u2026 <strong>Une routine muette et en musique !!! <br><\/strong>( Apportez votre Routine, votre num\u00e9ro\u2026 <strong>Interdiction de parler ! <\/strong>Une enceinte sera mise \u00e0 votre disposition )<\/p>\n\n\n\n<p><br><strong>-23:00 Temps libre et \u00e9changes individuels<\/strong><\/p>\n\n\n\n<hr class=\"wp-block-separator has-alpha-channel-opacity\"\/>\n\n\n\n<h2 class=\"wp-block-heading has-text-align-center\">Le 8 mars 2024 \u00e0 20 h au patio.<\/h2>\n\n\n\n<h2 class=\"wp-block-heading\"><br>Au programme :<\/h2>\n\n\n\n<p><br><strong>-20:15 Vie de l&rsquo;Association<\/strong><br><strong>-20:30 La Routine du CMB<\/strong><\/p>\n\n\n\n<ul class=\"wp-block-list\">\n<li>Pr\u00e9sentation de votre travail : sur la routine du jeu Radio<\/li>\n\n\n\n<li>Apprentissage : Pliage Magique ( papiers, cartes, bristols\u2026 \u00e0 pr\u00e9ciser )<\/li>\n<\/ul>\n\n\n\n<p><br><strong>-21:30 Le Caquetin magique :<\/strong> Pr\u00e9sentation de votre lecture du mois (Apporter votre<br>r\u00e9flexion et vos livres )<\/p>\n\n\n\n<p><br><strong>-22:00 La Grande Th\u00e9matique :<\/strong> Mise en situation sc\u00e9nique \u2026 <strong>Une conf\u00e9rence \u00e0 effets<br>magiques.<\/strong> ( Lors d&rsquo;un meeting politique, un expos\u00e9 pour votre entreprise. L\u00e0 o\u00f9 la<br>prestidigitation semblerait bien lointaine. <strong>Attention vous n&rsquo;\u00eates pas magicien<\/strong> ! )<\/p>\n\n\n\n<p><br><strong>-23:00 Temps libre et \u00e9changes individuels<\/strong><\/p>\n\n\n\n<hr class=\"wp-block-separator has-alpha-channel-opacity\"\/>\n\n\n\n<h2 class=\"wp-block-heading has-text-align-center\">Le 12 Avril 2024 \u00e0 20 h au patio.<\/h2>\n\n\n\n<h2 class=\"wp-block-heading\"><br>Au programme :<\/h2>\n\n\n\n<p><br><strong>-20:15 Vie de l&rsquo;Association<\/strong><br><strong>-20:30 La Routine du CMB :<\/strong><\/p>\n\n\n\n<ul class=\"wp-block-list\">\n<li>Pr\u00e9sentation de votre travail : sur la routine Pliage Magique<\/li>\n\n\n\n<li>Apprentissage : Texte d&rsquo;inventeur ( En groupe d\u00e9cryptage d&rsquo;une routine\u2026 )<\/li>\n<\/ul>\n\n\n\n<p><strong>-21:30 Le Caquetin magique :<\/strong> Les Origines de votre carri\u00e8re magique. Comment et<br>pourquoi \u00eates vous devenu magicien ?<\/p>\n\n\n\n<p><br><strong>-22:00 La Grande Th\u00e9matique :<\/strong> Mise en situation sc\u00e9nique\u2026 <strong>La L\u00e9vitation rien que \u00e7a !<br><\/strong>Respectez cette th\u00e9matique en utilisant la d\u00e9finition suivante : La l\u00e9vitation est le fait, pour un<br>\u00eatre ou un objet, de se d\u00e9placer ou de rester en suspension au-dessus du sol, sous l&rsquo;effet d&rsquo;une<br>force qui compense la gravitation, sans contact physique solide.<\/p>\n\n\n\n<p><br><strong>-23:00 Temps libre et \u00e9changes individuels<\/strong><\/p>\n","protected":false},"excerpt":{"rendered":"<p>Le 9 F\u00e9vrier 2024 20h au patio. Programme : -20h15 Vie de l&rsquo;Association -20:30 La Routine du CMB -21:30 Le Caquetin magique : Quels sont vos diff\u00e9rents moyens de prospection client\u00e8le ? (Apportez votre r\u00e9flexion ) -22:00 La Grande Th\u00e9matique : Mise en situation sc\u00e9nique \u2026 Une routine muette et en musique !!! ( Apportez [&hellip;]<\/p>\n","protected":false},"author":1,"featured_media":0,"parent":0,"menu_order":0,"comment_status":"closed","ping_status":"closed","template":"","meta":{"footnotes":""},"class_list":["post-3952","page","type-page","status-publish","hentry"],"_links":{"self":[{"href":"https:\/\/www.cerclemagiebretagne.fr\/index.php\/wp-json\/wp\/v2\/pages\/3952","targetHints":{"allow":["GET"]}}],"collection":[{"href":"https:\/\/www.cerclemagiebretagne.fr\/index.php\/wp-json\/wp\/v2\/pages"}],"about":[{"href":"https:\/\/www.cerclemagiebretagne.fr\/index.php\/wp-json\/wp\/v2\/types\/page"}],"author":[{"embeddable":true,"href":"https:\/\/www.cerclemagiebretagne.fr\/index.php\/wp-json\/wp\/v2\/users\/1"}],"replies":[{"embeddable":true,"href":"https:\/\/www.cerclemagiebretagne.fr\/index.php\/wp-json\/wp\/v2\/comments?post=3952"}],"version-history":[{"count":4,"href":"https:\/\/www.cerclemagiebretagne.fr\/index.php\/wp-json\/wp\/v2\/pages\/3952\/revisions"}],"predecessor-version":[{"id":4027,"href":"https:\/\/www.cerclemagiebretagne.fr\/index.php\/wp-json\/wp\/v2\/pages\/3952\/revisions\/4027"}],"wp:attachment":[{"href":"https:\/\/www.cerclemagiebretagne.fr\/index.php\/wp-json\/wp\/v2\/media?parent=3952"}],"curies":[{"name":"wp","href":"https:\/\/api.w.org\/{rel}","templated":true}]}}