{"id":873,"date":"2019-11-06T16:19:39","date_gmt":"2019-11-06T15:19:39","guid":{"rendered":"https:\/\/www.cerclemagiebretagne.fr\/?post_type=product&#038;p=873"},"modified":"2019-11-07T14:56:30","modified_gmt":"2019-11-07T13:56:30","slug":"encyclopaedia-of-dove-magic-volume-4-ian-adair","status":"publish","type":"product","link":"https:\/\/www.cerclemagiebretagne.fr\/index.php\/produit\/encyclopaedia-of-dove-magic-volume-4-ian-adair\/","title":{"rendered":"Encyclopaedia of dove magic Volume 4 \u2013 Ian Adair"},"content":{"rendered":"<p><img loading=\"lazy\" decoding=\"async\" class=\"alignnone size-full wp-image-826\" src=\"https:\/\/www.cerclemagiebretagne.fr\/wp-content\/uploads\/2019\/10\/Encyclopaedia-of-dove-magic.png\" alt=\"\" width=\"166\" height=\"231\" \/><\/p>\n<p><strong>Livre en Anglais<\/strong> \u2013 L\u2019Encyclop\u00e9die des colombes Magic d\u2019Ian Adair a \u00e9t\u00e9 consid\u00e9r\u00e9e comme l\u2019ensemble le plus important de livres jamais \u00e9crits sur les colombes. Chaque volume comporte des informations incroyables de la fa\u00e7on de manipuler, colorer et prendre soin de vos oiseaux, ainsi qu\u2019une tr\u00e8s longue liste d\u2019effets magiques, apparences, disparitions, transpositions, p\u00e9n\u00e9trations, changements et beaucoup plus.<\/p>\n","protected":false},"excerpt":{"rendered":"<p>Livre en Anglais \u2013 L\u2019Encyclop\u00e9die des colombes Magic d\u2019Ian Adair a \u00e9t\u00e9 consid\u00e9r\u00e9e comme l\u2019ensemble le plus important de livres jamais \u00e9crits sur les colombes. Chaque volume comporte des informations incroyables de la fa\u00e7on de manipuler, colorer et prendre soin de vos oiseaux, ainsi qu\u2019une tr\u00e8s longue liste d\u2019effets magiques, apparences, disparitions, transpositions, p\u00e9n\u00e9trations, changements [&hellip;]<\/p>\n","protected":false},"featured_media":826,"comment_status":"open","ping_status":"closed","template":"","meta":[],"product_brand":[],"product_cat":[27,35],"product_tag":[],"class_list":{"0":"post-873","1":"product","2":"type-product","3":"status-publish","4":"has-post-thumbnail","6":"product_cat-colombes","7":"product_cat-en-anglais","9":"first","10":"instock","11":"sold-individually","12":"shipping-taxable","13":"purchasable","14":"product-type-simple"},"_links":{"self":[{"href":"https:\/\/www.cerclemagiebretagne.fr\/index.php\/wp-json\/wp\/v2\/product\/873","targetHints":{"allow":["GET"]}}],"collection":[{"href":"https:\/\/www.cerclemagiebretagne.fr\/index.php\/wp-json\/wp\/v2\/product"}],"about":[{"href":"https:\/\/www.cerclemagiebretagne.fr\/index.php\/wp-json\/wp\/v2\/types\/product"}],"replies":[{"embeddable":true,"href":"https:\/\/www.cerclemagiebretagne.fr\/index.php\/wp-json\/wp\/v2\/comments?post=873"}],"wp:featuredmedia":[{"embeddable":true,"href":"https:\/\/www.cerclemagiebretagne.fr\/index.php\/wp-json\/wp\/v2\/media\/826"}],"wp:attachment":[{"href":"https:\/\/www.cerclemagiebretagne.fr\/index.php\/wp-json\/wp\/v2\/media?parent=873"}],"wp:term":[{"taxonomy":"product_brand","embeddable":true,"href":"https:\/\/www.cerclemagiebretagne.fr\/index.php\/wp-json\/wp\/v2\/product_brand?post=873"},{"taxonomy":"product_cat","embeddable":true,"href":"https:\/\/www.cerclemagiebretagne.fr\/index.php\/wp-json\/wp\/v2\/product_cat?post=873"},{"taxonomy":"product_tag","embeddable":true,"href":"https:\/\/www.cerclemagiebretagne.fr\/index.php\/wp-json\/wp\/v2\/product_tag?post=873"}],"curies":[{"name":"wp","href":"https:\/\/api.w.org\/{rel}","templated":true}]}}