{"id":877,"date":"2019-11-06T16:32:27","date_gmt":"2019-11-06T15:32:27","guid":{"rendered":"https:\/\/www.cerclemagiebretagne.fr\/?post_type=product&#038;p=877"},"modified":"2019-11-07T14:56:30","modified_gmt":"2019-11-07T13:56:30","slug":"le-best-of-du-jeu-biseaute-al-stevenson","status":"publish","type":"product","link":"https:\/\/www.cerclemagiebretagne.fr\/index.php\/produit\/le-best-of-du-jeu-biseaute-al-stevenson\/","title":{"rendered":"Le \u00ab Best of \u00bb du jeu Biseaut\u00e9 &#8211; Al Stevenson"},"content":{"rendered":"<p><img loading=\"lazy\" decoding=\"async\" class=\"alignnone size-full wp-image-830\" src=\"https:\/\/www.cerclemagiebretagne.fr\/wp-content\/uploads\/2019\/10\/jeu-Biseaut\u00e9-Le-jeu-de-cartes-le-plus-magique-50-tours-\u00e9patants-\u00e0-la-port\u00e9e-de-tous.png\" alt=\"\" width=\"139\" height=\"193\" \/><\/p>\n<p><strong>Livre en Fran\u00e7ais<\/strong> \u2013 Le jeu biseaut\u00e9 est une l\u00e9gende \u00e0 lui seul ! Il permet de r\u00e9aliser des miracles en magie \u2013 du moins quand on sait s\u2019en servir \u2026 C\u2019est ce que vous propose ce livret avec 50 tours (en r\u00e9alit\u00e9, ils sont 53) qui prouvent de fa\u00e7on \u00e9clatante que le jeu biseaut\u00e9 est sans doute LE JEU TRUQUE LE PLUS MAGIQUE.<\/p>\n","protected":false},"excerpt":{"rendered":"<p>Livre en Fran\u00e7ais \u2013 Le jeu biseaut\u00e9 est une l\u00e9gende \u00e0 lui seul ! Il permet de r\u00e9aliser des miracles en magie \u2013 du moins quand on sait s\u2019en servir \u2026 C\u2019est ce que vous propose ce livret avec 50 tours (en r\u00e9alit\u00e9, ils sont 53) qui prouvent de fa\u00e7on \u00e9clatante que le jeu biseaut\u00e9 [&hellip;]<\/p>\n","protected":false},"featured_media":830,"comment_status":"open","ping_status":"closed","template":"","meta":[],"product_brand":[],"product_cat":[31,34],"product_tag":[],"class_list":{"0":"post-877","1":"product","2":"type-product","3":"status-publish","4":"has-post-thumbnail","6":"product_cat-cartomagie","7":"product_cat-en-francais","9":"first","10":"instock","11":"sold-individually","12":"shipping-taxable","13":"purchasable","14":"product-type-simple"},"_links":{"self":[{"href":"https:\/\/www.cerclemagiebretagne.fr\/index.php\/wp-json\/wp\/v2\/product\/877","targetHints":{"allow":["GET"]}}],"collection":[{"href":"https:\/\/www.cerclemagiebretagne.fr\/index.php\/wp-json\/wp\/v2\/product"}],"about":[{"href":"https:\/\/www.cerclemagiebretagne.fr\/index.php\/wp-json\/wp\/v2\/types\/product"}],"replies":[{"embeddable":true,"href":"https:\/\/www.cerclemagiebretagne.fr\/index.php\/wp-json\/wp\/v2\/comments?post=877"}],"wp:featuredmedia":[{"embeddable":true,"href":"https:\/\/www.cerclemagiebretagne.fr\/index.php\/wp-json\/wp\/v2\/media\/830"}],"wp:attachment":[{"href":"https:\/\/www.cerclemagiebretagne.fr\/index.php\/wp-json\/wp\/v2\/media?parent=877"}],"wp:term":[{"taxonomy":"product_brand","embeddable":true,"href":"https:\/\/www.cerclemagiebretagne.fr\/index.php\/wp-json\/wp\/v2\/product_brand?post=877"},{"taxonomy":"product_cat","embeddable":true,"href":"https:\/\/www.cerclemagiebretagne.fr\/index.php\/wp-json\/wp\/v2\/product_cat?post=877"},{"taxonomy":"product_tag","embeddable":true,"href":"https:\/\/www.cerclemagiebretagne.fr\/index.php\/wp-json\/wp\/v2\/product_tag?post=877"}],"curies":[{"name":"wp","href":"https:\/\/api.w.org\/{rel}","templated":true}]}}