{"id":884,"date":"2019-11-06T16:41:42","date_gmt":"2019-11-06T15:41:42","guid":{"rendered":"https:\/\/www.cerclemagiebretagne.fr\/?post_type=product&#038;p=884"},"modified":"2019-11-07T14:56:29","modified_gmt":"2019-11-07T13:56:29","slug":"notes-de-conference-vito-lupo","status":"publish","type":"product","link":"https:\/\/www.cerclemagiebretagne.fr\/index.php\/produit\/notes-de-conference-vito-lupo\/","title":{"rendered":"Vito Lupo &#8211; Notes de Conference \u2013 Vito Lupo"},"content":{"rendered":"<p><img loading=\"lazy\" decoding=\"async\" class=\"alignnone size-full wp-image-836\" src=\"https:\/\/www.cerclemagiebretagne.fr\/wp-content\/uploads\/2019\/10\/Vito-Lupo.png\" alt=\"\" width=\"180\" height=\"236\" \/><\/p>\n<p><strong>Livre en Fran\u00e7ais<\/strong> \u2013 Pens\u00e9es et consid\u00e9rations de Vito Lupo. M\u00e9thodes d\u2019enseignements et concepts.<\/p>\n","protected":false},"excerpt":{"rendered":"<p>Livre en Fran\u00e7ais \u2013 Pens\u00e9es et consid\u00e9rations de Vito Lupo. M\u00e9thodes d\u2019enseignements et concepts.<\/p>\n","protected":false},"featured_media":836,"comment_status":"open","ping_status":"closed","template":"","meta":[],"product_brand":[],"product_cat":[28,34],"product_tag":[],"class_list":{"0":"post-884","1":"product","2":"type-product","3":"status-publish","4":"has-post-thumbnail","6":"product_cat-diverse","7":"product_cat-en-francais","9":"first","10":"instock","11":"sold-individually","12":"shipping-taxable","13":"purchasable","14":"product-type-simple"},"_links":{"self":[{"href":"https:\/\/www.cerclemagiebretagne.fr\/index.php\/wp-json\/wp\/v2\/product\/884","targetHints":{"allow":["GET"]}}],"collection":[{"href":"https:\/\/www.cerclemagiebretagne.fr\/index.php\/wp-json\/wp\/v2\/product"}],"about":[{"href":"https:\/\/www.cerclemagiebretagne.fr\/index.php\/wp-json\/wp\/v2\/types\/product"}],"replies":[{"embeddable":true,"href":"https:\/\/www.cerclemagiebretagne.fr\/index.php\/wp-json\/wp\/v2\/comments?post=884"}],"wp:featuredmedia":[{"embeddable":true,"href":"https:\/\/www.cerclemagiebretagne.fr\/index.php\/wp-json\/wp\/v2\/media\/836"}],"wp:attachment":[{"href":"https:\/\/www.cerclemagiebretagne.fr\/index.php\/wp-json\/wp\/v2\/media?parent=884"}],"wp:term":[{"taxonomy":"product_brand","embeddable":true,"href":"https:\/\/www.cerclemagiebretagne.fr\/index.php\/wp-json\/wp\/v2\/product_brand?post=884"},{"taxonomy":"product_cat","embeddable":true,"href":"https:\/\/www.cerclemagiebretagne.fr\/index.php\/wp-json\/wp\/v2\/product_cat?post=884"},{"taxonomy":"product_tag","embeddable":true,"href":"https:\/\/www.cerclemagiebretagne.fr\/index.php\/wp-json\/wp\/v2\/product_tag?post=884"}],"curies":[{"name":"wp","href":"https:\/\/api.w.org\/{rel}","templated":true}]}}